{"id":288,"date":"2026-03-28T11:54:43","date_gmt":"2026-03-28T10:54:43","guid":{"rendered":"https:\/\/anthill-interactive.com\/?page_id=288"},"modified":"2026-04-01T16:15:50","modified_gmt":"2026-04-01T14:15:50","slug":"community","status":"publish","type":"page","link":"https:\/\/anthill-interactive.com\/en\/game-world\/community\/","title":{"rendered":"Community"},"content":{"rendered":"<h2 class=\"wp-block-heading alignwide has-text-align-center\"><strong>Community<\/strong><\/h2>\n\n\n\n<p class=\"has-text-align-center\">Join our Discord server and help build the community and shape the game's development <em>Interregnum: Ashes of Empire<\/em> together with other players.<\/p>\n\n\n\n<div class=\"wp-block-buttons is-content-justification-center is-layout-flex wp-container-core-buttons-is-layout-a89b3969 wp-block-buttons-is-layout-flex\">\n<div class=\"wp-block-button\"><a class=\"wp-block-button__link wp-element-button\" href=\"https:\/\/discord.com\/invite\/c4vH3bKU\" target=\"_blank\" rel=\"noreferrer noopener\">Join<\/a><\/div>\n<\/div>\n\n\n\n<figure class=\"wp-block-image aligncenter size-large\"><a href=\"https:\/\/discord.com\/channels\/1479816341857767434\/1479905232623501312\" target=\"_blank\" rel=\" noreferrer noopener\"><img loading=\"lazy\" decoding=\"async\" width=\"683\" height=\"1024\" src=\"https:\/\/anthill-interactive.com\/wp-content\/uploads\/2026\/03\/rekrutacja-683x1024.png\" alt=\"\" class=\"wp-image-293\" srcset=\"https:\/\/anthill-interactive.com\/wp-content\/uploads\/2026\/03\/rekrutacja-683x1024.png 683w, https:\/\/anthill-interactive.com\/wp-content\/uploads\/2026\/03\/rekrutacja-200x300.png 200w, https:\/\/anthill-interactive.com\/wp-content\/uploads\/2026\/03\/rekrutacja-768x1152.png 768w, https:\/\/anthill-interactive.com\/wp-content\/uploads\/2026\/03\/rekrutacja-8x12.png 8w, https:\/\/anthill-interactive.com\/wp-content\/uploads\/2026\/03\/rekrutacja.png 1024w\" sizes=\"auto, (max-width: 683px) 100vw, 683px\" \/><\/a><\/figure>","protected":false},"excerpt":{"rendered":"<p>Spo\u0142eczno\u015b\u0107 Do\u0142\u0105cz do naszego serwera Discord i wsp\u00f3\u0142tw\u00f3rz spo\u0142eczno\u015b\u0107 oraz rozw\u00f3j Interregnum: Ashes of Empire razem z innymi graczami.<\/p>","protected":false},"author":1,"featured_media":0,"parent":90,"menu_order":0,"comment_status":"closed","ping_status":"closed","template":"","meta":{"_monsterinsights_skip_tracking":false,"_monsterinsights_sitenote_active":false,"_monsterinsights_sitenote_note":"","_monsterinsights_sitenote_category":0,"site-sidebar-layout":"default","site-content-layout":"","ast-site-content-layout":"default","site-content-style":"default","site-sidebar-style":"default","ast-global-header-display":"","ast-banner-title-visibility":"","ast-main-header-display":"","ast-hfb-above-header-display":"","ast-hfb-below-header-display":"","ast-hfb-mobile-header-display":"","site-post-title":"disabled","ast-breadcrumbs-content":"","ast-featured-img":"","footer-sml-layout":"","ast-disable-related-posts":"","theme-transparent-header-meta":"","adv-header-id-meta":"","stick-header-meta":"","header-above-stick-meta":"","header-main-stick-meta":"","header-below-stick-meta":"","astra-migrate-meta-layouts":"default","ast-page-background-enabled":"default","ast-page-background-meta":{"desktop":{"background-color":"var(--ast-global-color-5)","background-image":"","background-repeat":"repeat","background-position":"center center","background-size":"auto","background-attachment":"scroll","background-type":"","background-media":"","overlay-type":"","overlay-color":"","overlay-opacity":"","overlay-gradient":""},"tablet":{"background-color":"","background-image":"","background-repeat":"repeat","background-position":"center center","background-size":"auto","background-attachment":"scroll","background-type":"","background-media":"","overlay-type":"","overlay-color":"","overlay-opacity":"","overlay-gradient":""},"mobile":{"background-color":"","background-image":"","background-repeat":"repeat","background-position":"center center","background-size":"auto","background-attachment":"scroll","background-type":"","background-media":"","overlay-type":"","overlay-color":"","overlay-opacity":"","overlay-gradient":""}},"ast-content-background-meta":{"desktop":{"background-color":"var(--ast-global-color-4)","background-image":"","background-repeat":"repeat","background-position":"center center","background-size":"auto","background-attachment":"scroll","background-type":"","background-media":"","overlay-type":"","overlay-color":"","overlay-opacity":"","overlay-gradient":""},"tablet":{"background-color":"var(--ast-global-color-4)","background-image":"","background-repeat":"repeat","background-position":"center center","background-size":"auto","background-attachment":"scroll","background-type":"","background-media":"","overlay-type":"","overlay-color":"","overlay-opacity":"","overlay-gradient":""},"mobile":{"background-color":"var(--ast-global-color-4)","background-image":"","background-repeat":"repeat","background-position":"center center","background-size":"auto","background-attachment":"scroll","background-type":"","background-media":"","overlay-type":"","overlay-color":"","overlay-opacity":"","overlay-gradient":""}},"footnotes":""},"class_list":["post-288","page","type-page","status-publish","hentry"],"aioseo_notices":[],"_links":{"self":[{"href":"https:\/\/anthill-interactive.com\/en\/wp-json\/wp\/v2\/pages\/288","targetHints":{"allow":["GET"]}}],"collection":[{"href":"https:\/\/anthill-interactive.com\/en\/wp-json\/wp\/v2\/pages"}],"about":[{"href":"https:\/\/anthill-interactive.com\/en\/wp-json\/wp\/v2\/types\/page"}],"author":[{"embeddable":true,"href":"https:\/\/anthill-interactive.com\/en\/wp-json\/wp\/v2\/users\/1"}],"replies":[{"embeddable":true,"href":"https:\/\/anthill-interactive.com\/en\/wp-json\/wp\/v2\/comments?post=288"}],"version-history":[{"count":8,"href":"https:\/\/anthill-interactive.com\/en\/wp-json\/wp\/v2\/pages\/288\/revisions"}],"predecessor-version":[{"id":348,"href":"https:\/\/anthill-interactive.com\/en\/wp-json\/wp\/v2\/pages\/288\/revisions\/348"}],"up":[{"embeddable":true,"href":"https:\/\/anthill-interactive.com\/en\/wp-json\/wp\/v2\/pages\/90"}],"wp:attachment":[{"href":"https:\/\/anthill-interactive.com\/en\/wp-json\/wp\/v2\/media?parent=288"}],"curies":[{"name":"wp","href":"https:\/\/api.w.org\/{rel}","templated":true}]}}