{"id":38,"date":"2026-01-04T16:47:13","date_gmt":"2026-01-04T15:47:13","guid":{"rendered":"http:\/\/anthill-interactive.com\/strona-glowna\/"},"modified":"2026-03-28T13:53:14","modified_gmt":"2026-03-28T12:53:14","slug":"main-page","status":"publish","type":"page","link":"https:\/\/anthill-interactive.com\/pl_pl\/","title":{"rendered":"Apex Oracle scope of support"},"content":{"rendered":"\n<div class=\"wp-block-columns alignwide is-layout-flex wp-container-core-columns-is-layout-28f84493 wp-block-columns-is-layout-flex\">\n<div class=\"wp-block-column is-layout-flow wp-block-column-is-layout-flow\">\n<div class=\"wp-block-group is-nowrap is-layout-flex wp-container-core-group-is-layout-6c531013 wp-block-group-is-layout-flex\">\n<h2 class=\"wp-block-heading\"><strong>Oracle APEX &amp; Oracle Database \u2013 rozwi\u0105zania B2B tworzone przez praktyka<\/strong><\/h2>\n<\/div>\n\n\n\n<p>Projektowanie i rozw\u00f3j aplikacji biznesowych w Oracle APEX.<br>Jednoosobowa dzia\u0142alno\u015b\u0107, bez po\u015brednik\u00f3w, bez zb\u0119dnych proces\u00f3w.<\/p>\n\n\n\n<div class=\"wp-block-buttons is-layout-flex wp-block-buttons-is-layout-flex\">\n<div class=\"wp-block-button\"><a class=\"wp-block-button__link wp-element-button\" href=\"https:\/\/anthill-interactive.com\/contact\/\">Porozmawiajmy o projekcie<\/a><\/div>\n\n\n\n<div class=\"wp-block-button is-style-outline is-style-outline--1\"><a class=\"wp-block-button__link wp-element-button\" href=\"http:\/\/anthill-interactive.com\/game-world\/\">Zobacz projekt gry<\/a><\/div>\n<\/div>\n<\/div>\n\n\n\n<div class=\"wp-block-column is-layout-flow wp-block-column-is-layout-flow\">\n<figure class=\"wp-block-image size-large\"><img loading=\"lazy\" decoding=\"async\" width=\"1024\" height=\"683\" src=\"https:\/\/anthill-interactive.com\/wp-content\/uploads\/2026\/01\/oracle-database-1024x683.png\" alt=\"\" class=\"wp-image-83\" srcset=\"https:\/\/anthill-interactive.com\/wp-content\/uploads\/2026\/01\/oracle-database-1024x683.png 1024w, https:\/\/anthill-interactive.com\/wp-content\/uploads\/2026\/01\/oracle-database-300x200.png 300w, https:\/\/anthill-interactive.com\/wp-content\/uploads\/2026\/01\/oracle-database-768x512.png 768w, https:\/\/anthill-interactive.com\/wp-content\/uploads\/2026\/01\/oracle-database-18x12.png 18w, https:\/\/anthill-interactive.com\/wp-content\/uploads\/2026\/01\/oracle-database.png 1536w\" sizes=\"auto, (max-width: 1024px) 100vw, 1024px\" \/><\/figure>\n<\/div>\n<\/div>\n\n\n\n<hr class=\"wp-block-separator alignwide has-alpha-channel-opacity is-style-wide\"\/>\n\n\n\n<div class=\"wp-block-columns alignwide is-layout-flex wp-container-core-columns-is-layout-28f84493 wp-block-columns-is-layout-flex\">\n<div class=\"wp-block-column is-layout-flow wp-block-column-is-layout-flow\">\n<figure class=\"wp-block-image size-large\"><img loading=\"lazy\" decoding=\"async\" width=\"1024\" height=\"683\" src=\"https:\/\/anthill-interactive.com\/wp-content\/uploads\/2026\/01\/jdg-1024x683.png\" alt=\"\" class=\"wp-image-212\" srcset=\"https:\/\/anthill-interactive.com\/wp-content\/uploads\/2026\/01\/jdg-1024x683.png 1024w, https:\/\/anthill-interactive.com\/wp-content\/uploads\/2026\/01\/jdg-300x200.png 300w, https:\/\/anthill-interactive.com\/wp-content\/uploads\/2026\/01\/jdg-768x512.png 768w, https:\/\/anthill-interactive.com\/wp-content\/uploads\/2026\/01\/jdg-18x12.png 18w, https:\/\/anthill-interactive.com\/wp-content\/uploads\/2026\/01\/jdg.png 1536w\" sizes=\"auto, (max-width: 1024px) 100vw, 1024px\" \/><\/figure>\n<\/div>\n\n\n\n<div class=\"wp-block-column is-layout-flow wp-block-column-is-layout-flow\">\n<h2 class=\"wp-block-heading\"><strong>Jednoosobowa dzia\u0142alno\u015b\u0107. Pe\u0142na odpowiedzialno\u015b\u0107.<\/strong><\/h2>\n\n\n\n<p>Praca w formie B2B. Bezpo\u015bredni kontakt z osob\u0105 techniczn\u0105. Opieka nad pe\u0142nym cyklem \u017cycia projektu (analiza \u2192 implementacja \u2192 wdro\u017cenie \u2192 utrzymanie)<\/p>\n\n\n\n<ul class=\"wp-block-list\">\n<li>4+ lata do\u015bwiadczenia w Oracle APEX<\/li>\n\n\n\n<li>Projektowanie baz danych Oracle<\/li>\n\n\n\n<li>Praca z istniej\u0105cymi systemami (legacy)<\/li>\n\n\n\n<li>Rozs\u0105dne wykorzystanie AI w codziennej pracy<\/li>\n<\/ul>\n\n\n\n<div class=\"wp-block-buttons is-content-justification-center is-layout-flex wp-container-core-buttons-is-layout-a89b3969 wp-block-buttons-is-layout-flex\">\n<div class=\"wp-block-button\"><a class=\"wp-block-button__link wp-element-button\" href=\"https:\/\/anthill-interactive.com\/main-page\/portfolio\/\">PoRtfolio<\/a><\/div>\n<\/div>\n<\/div>\n<\/div>\n\n\n\n<hr class=\"wp-block-separator alignwide has-alpha-channel-opacity is-style-wide\"\/>\n\n\n\n<h2 class=\"wp-block-heading alignwide has-text-align-center\"><strong>Us\u0142ugi Oracle APEX \/ Oracle Database<\/strong><\/h2>\n\n\n\n<div class=\"wp-block-columns alignwide is-layout-flex wp-container-core-columns-is-layout-28f84493 wp-block-columns-is-layout-flex\">\n<div class=\"wp-block-column is-layout-flow wp-block-column-is-layout-flow\">\n<p class=\"has-text-align-center\"><strong>Aplikacje biznesowe APEX:<\/strong><\/p>\n\n\n\n<ul class=\"wp-block-list\">\n<li>CRM, panele administracyjne<\/li>\n\n\n\n<li>aplikacje wew\u0119trzne<\/li>\n\n\n\n<li>formularze, raporty, automatyzacje<\/li>\n<\/ul>\n<\/div>\n\n\n\n<div class=\"wp-block-column is-layout-flow wp-block-column-is-layout-flow\">\n<p class=\"has-text-align-center\"><strong>Baza danych Oracle:<\/strong><\/p>\n\n\n\n<ul class=\"wp-block-list\">\n<li>projektowanie modeli danych<\/li>\n\n\n\n<li>optymalizacja zapyta\u0144<\/li>\n\n\n\n<li>refaktoryzacja schemat\u00f3w<\/li>\n<\/ul>\n<\/div>\n<\/div>\n\n\n\n<div class=\"wp-block-columns alignwide is-layout-flex wp-container-core-columns-is-layout-28f84493 wp-block-columns-is-layout-flex\">\n<div class=\"wp-block-column is-layout-flow wp-block-column-is-layout-flow\">\n<p class=\"has-text-align-center\"><strong>Utrzymanie i rozw\u00f3j<\/strong>:<\/p>\n\n\n\n<ul class=\"wp-block-list\">\n<li>rozw\u00f3j istniej\u0105cych aplikacji<\/li>\n\n\n\n<li>poprawa wydajno\u015bci<\/li>\n\n\n\n<li>wsparcie d\u0142ugoterminowe<\/li>\n<\/ul>\n<\/div>\n\n\n\n<div class=\"wp-block-column is-layout-flow wp-block-column-is-layout-flow\">\n<p class=\"has-text-align-center\"><strong>Konsulting techniczny<\/strong>:<\/p>\n\n\n\n<ul class=\"wp-block-list\">\n<li>architektura APEX<\/li>\n\n\n\n<li>decyzje technologiczne<\/li>\n\n\n\n<li>code review<\/li>\n<\/ul>\n<\/div>\n<\/div>\n\n\n\n<div class=\"wp-block-buttons alignwide is-content-justification-center is-layout-flex wp-container-core-buttons-is-layout-a89b3969 wp-block-buttons-is-layout-flex\">\n<div class=\"wp-block-button\"><a class=\"wp-block-button__link wp-element-button\" href=\"https:\/\/anthill-interactive.com\/contact\/\">Skontaktuj si\u0119 w sprawie wsp\u00f3\u0142pracy B2B<\/a><\/div>\n<\/div>\n\n\n\n<hr class=\"wp-block-separator alignwide has-alpha-channel-opacity is-style-wide\"\/>\n\n\n\n<h2 class=\"wp-block-heading alignwide has-text-align-center\"><strong>Projekt w\u0142asny:<\/strong><\/h2>\n\n\n\n<h2 class=\"wp-block-heading alignwide has-text-align-center\">Przegl\u0105darkowa gra ekonomiczno-strategiczna sci-fi<\/h2>\n\n\n\n<div class=\"wp-block-columns alignwide is-layout-flex wp-container-core-columns-is-layout-28f84493 wp-block-columns-is-layout-flex\">\n<div class=\"wp-block-column is-layout-flow wp-block-column-is-layout-flow\">\n<p class=\"has-text-align-left\">Tytu\u0142: <strong>Interregnum: Ashes of Empire (working title)<\/strong><\/p>\n\n\n\n<p>Gra tworzona w Oracle Apex + Oracle Databese<\/p>\n\n\n\n<p>Charakter gry: strategiczno-ekonomiczny<\/p>\n\n\n\n<p>Nacisk na system, balans oraz skolowalno\u015b\u0107<\/p>\n<\/div>\n\n\n\n<div class=\"wp-block-column is-layout-flow wp-block-column-is-layout-flow\"><\/div>\n<\/div>\n\n\n\n<div class=\"wp-block-buttons alignwide is-content-justification-center is-layout-flex wp-container-core-buttons-is-layout-a89b3969 wp-block-buttons-is-layout-flex\">\n<div class=\"wp-block-button\"><a class=\"wp-block-button__link wp-element-button\" href=\"https:\/\/anthill-interactive.com\/game-world\/devlog\/\"><strong>Zobacz szczeg\u00f3\u0142y projektu<\/strong> \/ <strong>Devlog<\/strong><\/a><\/div>\n<\/div>\n\n\n\n<hr class=\"wp-block-separator alignwide has-alpha-channel-opacity is-style-wide\"\/>\n\n\n\n<div class=\"wp-block-columns alignwide is-layout-flex wp-container-core-columns-is-layout-28f84493 wp-block-columns-is-layout-flex\">\n<div class=\"wp-block-column is-layout-flow wp-block-column-is-layout-flow\">\n<figure class=\"wp-block-image aligncenter size-full is-resized\"><img loading=\"lazy\" decoding=\"async\" width=\"700\" height=\"700\" src=\"https:\/\/anthill-interactive.com\/wp-content\/uploads\/2026\/01\/Oracle_apex_logo.png\" alt=\"\" class=\"wp-image-209\" style=\"width:229px;height:auto\" srcset=\"https:\/\/anthill-interactive.com\/wp-content\/uploads\/2026\/01\/Oracle_apex_logo.png 700w, https:\/\/anthill-interactive.com\/wp-content\/uploads\/2026\/01\/Oracle_apex_logo-300x300.png 300w, https:\/\/anthill-interactive.com\/wp-content\/uploads\/2026\/01\/Oracle_apex_logo-150x150.png 150w, https:\/\/anthill-interactive.com\/wp-content\/uploads\/2026\/01\/Oracle_apex_logo-12x12.png 12w\" sizes=\"auto, (max-width: 700px) 100vw, 700px\" \/><\/figure>\n<\/div>\n\n\n\n<div class=\"wp-block-column is-layout-flow wp-block-column-is-layout-flow\">\n<h2 class=\"wp-block-heading alignwide\">Dlaczego Oracle APEX?<\/h2>\n\n\n\n<ul class=\"wp-block-list\">\n<li>szybkie dostarczanie rozwi\u0105za\u0144<\/li>\n\n\n\n<li>bezpiecze\u0144stwo klasy enterprise<\/li>\n\n\n\n<li>niskie koszty utrzymania<\/li>\n\n\n\n<li>idealne dla system\u00f3w wewn\u0119trznym<\/li>\n<\/ul>\n<\/div>\n<\/div>\n\n\n\n<div class=\"wp-block-columns alignwide is-layout-flex wp-container-core-columns-is-layout-28f84493 wp-block-columns-is-layout-flex\">\n<div class=\"wp-block-column is-layout-flow wp-block-column-is-layout-flow\">\n<h2 class=\"wp-block-heading\">Model wsp\u00f3\u0142pracy<\/h2>\n\n\n\n<ul class=\"wp-block-list\">\n<li>B2B \/ kontrakty d\u0142ugoterminowe<\/li>\n\n\n\n<li>rozliczenie godzinowe lub projektowe<\/li>\n\n\n\n<li>praca zdalna<\/li>\n\n\n\n<li>Polska i zagranica<\/li>\n<\/ul>\n<\/div>\n\n\n\n<div class=\"wp-block-column is-vertically-aligned-center is-layout-flow wp-block-column-is-layout-flow\">\n<figure class=\"wp-block-image aligncenter size-large\"><img loading=\"lazy\" decoding=\"async\" width=\"1024\" height=\"683\" src=\"https:\/\/anthill-interactive.com\/wp-content\/uploads\/2026\/01\/model_wspolpracy-1024x683.png\" alt=\"\" class=\"wp-image-214\" srcset=\"https:\/\/anthill-interactive.com\/wp-content\/uploads\/2026\/01\/model_wspolpracy-1024x683.png 1024w, https:\/\/anthill-interactive.com\/wp-content\/uploads\/2026\/01\/model_wspolpracy-300x200.png 300w, https:\/\/anthill-interactive.com\/wp-content\/uploads\/2026\/01\/model_wspolpracy-768x512.png 768w, https:\/\/anthill-interactive.com\/wp-content\/uploads\/2026\/01\/model_wspolpracy-18x12.png 18w, https:\/\/anthill-interactive.com\/wp-content\/uploads\/2026\/01\/model_wspolpracy.png 1536w\" sizes=\"auto, (max-width: 1024px) 100vw, 1024px\" \/><\/figure>\n<\/div>\n<\/div>\n\n\n\n<hr class=\"wp-block-separator alignwide has-alpha-channel-opacity is-style-wide\"\/>\n","protected":false},"excerpt":{"rendered":"<p>Oracle APEX &amp; Oracle Database \u2013 rozwi\u0105zania B2B tworzone przez praktyka Projektowanie i rozw\u00f3j aplikacji biznesowych w Oracle APEX.Jednoosobowa dzia\u0142alno\u015b\u0107, [&hellip;]<\/p>\n","protected":false},"author":1,"featured_media":0,"parent":0,"menu_order":0,"comment_status":"closed","ping_status":"closed","template":"","meta":{"_monsterinsights_skip_tracking":false,"_monsterinsights_sitenote_active":false,"_monsterinsights_sitenote_note":"","_monsterinsights_sitenote_category":0,"site-sidebar-layout":"default","site-content-layout":"","ast-site-content-layout":"default","site-content-style":"default","site-sidebar-style":"default","ast-global-header-display":"","ast-banner-title-visibility":"","ast-main-header-display":"","ast-hfb-above-header-display":"","ast-hfb-below-header-display":"","ast-hfb-mobile-header-display":"","site-post-title":"disabled","ast-breadcrumbs-content":"","ast-featured-img":"","footer-sml-layout":"","ast-disable-related-posts":"","theme-transparent-header-meta":"","adv-header-id-meta":"","stick-header-meta":"","header-above-stick-meta":"","header-main-stick-meta":"","header-below-stick-meta":"","astra-migrate-meta-layouts":"default","ast-page-background-enabled":"default","ast-page-background-meta":{"desktop":{"background-color":"var(--ast-global-color-5)","background-image":"","background-repeat":"repeat","background-position":"center center","background-size":"auto","background-attachment":"scroll","background-type":"","background-media":"","overlay-type":"","overlay-color":"","overlay-opacity":"","overlay-gradient":""},"tablet":{"background-color":"","background-image":"","background-repeat":"repeat","background-position":"center center","background-size":"auto","background-attachment":"scroll","background-type":"","background-media":"","overlay-type":"","overlay-color":"","overlay-opacity":"","overlay-gradient":""},"mobile":{"background-color":"","background-image":"","background-repeat":"repeat","background-position":"center center","background-size":"auto","background-attachment":"scroll","background-type":"","background-media":"","overlay-type":"","overlay-color":"","overlay-opacity":"","overlay-gradient":""}},"ast-content-background-meta":{"desktop":{"background-color":"var(--ast-global-color-4)","background-image":"","background-repeat":"repeat","background-position":"center center","background-size":"auto","background-attachment":"scroll","background-type":"","background-media":"","overlay-type":"","overlay-color":"","overlay-opacity":"","overlay-gradient":""},"tablet":{"background-color":"var(--ast-global-color-4)","background-image":"","background-repeat":"repeat","background-position":"center center","background-size":"auto","background-attachment":"scroll","background-type":"","background-media":"","overlay-type":"","overlay-color":"","overlay-opacity":"","overlay-gradient":""},"mobile":{"background-color":"var(--ast-global-color-4)","background-image":"","background-repeat":"repeat","background-position":"center center","background-size":"auto","background-attachment":"scroll","background-type":"","background-media":"","overlay-type":"","overlay-color":"","overlay-opacity":"","overlay-gradient":""}},"footnotes":""},"class_list":["post-38","page","type-page","status-publish","hentry"],"aioseo_notices":[],"_links":{"self":[{"href":"https:\/\/anthill-interactive.com\/pl_pl\/wp-json\/wp\/v2\/pages\/38","targetHints":{"allow":["GET"]}}],"collection":[{"href":"https:\/\/anthill-interactive.com\/pl_pl\/wp-json\/wp\/v2\/pages"}],"about":[{"href":"https:\/\/anthill-interactive.com\/pl_pl\/wp-json\/wp\/v2\/types\/page"}],"author":[{"embeddable":true,"href":"https:\/\/anthill-interactive.com\/pl_pl\/wp-json\/wp\/v2\/users\/1"}],"replies":[{"embeddable":true,"href":"https:\/\/anthill-interactive.com\/pl_pl\/wp-json\/wp\/v2\/comments?post=38"}],"version-history":[{"count":17,"href":"https:\/\/anthill-interactive.com\/pl_pl\/wp-json\/wp\/v2\/pages\/38\/revisions"}],"predecessor-version":[{"id":338,"href":"https:\/\/anthill-interactive.com\/pl_pl\/wp-json\/wp\/v2\/pages\/38\/revisions\/338"}],"wp:attachment":[{"href":"https:\/\/anthill-interactive.com\/pl_pl\/wp-json\/wp\/v2\/media?parent=38"}],"curies":[{"name":"wp","href":"https:\/\/api.w.org\/{rel}","templated":true}]}}